{"id":10,"date":"2021-05-12T12:55:03","date_gmt":"2021-05-12T12:55:03","guid":{"rendered":"http:\/\/www.silberdesign.eu\/?page_id=10"},"modified":"2021-08-19T14:31:49","modified_gmt":"2021-08-19T14:31:49","slug":"kontakt","status":"publish","type":"page","link":"https:\/\/www.silberdesign.eu\/index.php\/kontakt\/","title":{"rendered":"Kontakt"},"content":{"rendered":"\n<p><strong>Silber Design<\/strong><br>Boles\u0142aw, ma\u0142opolskie<\/p>\n\n\n\n<p>tel.              739 974 179<br>e-mail:      biuro@silberdesign.eu<\/p>\n\n\n\n<p><strong>Godziny<\/strong> <strong>otwarcia<\/strong><br>Poniedzia\u0142ek\u2014pi\u0105tek: 8:30\u201317:30<br>Sobota: 10:00\u201314:00<\/p>\n","protected":false},"excerpt":{"rendered":"<p>Silber DesignBoles\u0142aw, ma\u0142opolskie tel. 739 974 179e-mail: biuro@silberdesign.eu Godziny otwarciaPoniedzia\u0142ek\u2014pi\u0105tek: 8:30\u201317:30Sobota: 10:00\u201314:00<\/p>\n","protected":false},"author":1,"featured_media":0,"parent":0,"menu_order":0,"comment_status":"closed","ping_status":"closed","template":"","meta":[],"_links":{"self":[{"href":"https:\/\/www.silberdesign.eu\/index.php\/wp-json\/wp\/v2\/pages\/10"}],"collection":[{"href":"https:\/\/www.silberdesign.eu\/index.php\/wp-json\/wp\/v2\/pages"}],"about":[{"href":"https:\/\/www.silberdesign.eu\/index.php\/wp-json\/wp\/v2\/types\/page"}],"author":[{"embeddable":true,"href":"https:\/\/www.silberdesign.eu\/index.php\/wp-json\/wp\/v2\/users\/1"}],"replies":[{"embeddable":true,"href":"https:\/\/www.silberdesign.eu\/index.php\/wp-json\/wp\/v2\/comments?post=10"}],"version-history":[{"count":11,"href":"https:\/\/www.silberdesign.eu\/index.php\/wp-json\/wp\/v2\/pages\/10\/revisions"}],"predecessor-version":[{"id":290,"href":"https:\/\/www.silberdesign.eu\/index.php\/wp-json\/wp\/v2\/pages\/10\/revisions\/290"}],"wp:attachment":[{"href":"https:\/\/www.silberdesign.eu\/index.php\/wp-json\/wp\/v2\/media?parent=10"}],"curies":[{"name":"wp","href":"https:\/\/api.w.org\/{rel}","templated":true}]}}