{"id":189,"date":"2021-08-17T19:29:25","date_gmt":"2021-08-17T19:29:25","guid":{"rendered":"https:\/\/www.silberdesign.eu\/?page_id=189"},"modified":"2021-08-17T23:26:18","modified_gmt":"2021-08-17T23:26:18","slug":"informacje-techniczne","status":"publish","type":"page","link":"https:\/\/www.silberdesign.eu\/index.php\/informacje-techniczne\/","title":{"rendered":"Informacje techniczne"},"content":{"rendered":"\n<p>W tym dziale znajd\u0105 Pa\u0144stwo informacje dotycz\u0105ce m. in. przepis\u00f3w prawnych obowi\u0105zuj\u0105cych przy stawianiu przydomowych konstrukcji stalowych takich jak wiat samochodowych, pergole, ogrody zimowe.<\/p>\n","protected":false},"excerpt":{"rendered":"<p>W tym dziale znajd\u0105 Pa\u0144stwo informacje dotycz\u0105ce m. in. przepis\u00f3w prawnych obowi\u0105zuj\u0105cych przy stawianiu przydomowych konstrukcji stalowych takich jak wiat samochodowych, pergole, ogrody zimowe.<\/p>\n","protected":false},"author":1,"featured_media":0,"parent":0,"menu_order":0,"comment_status":"closed","ping_status":"closed","template":"","meta":[],"_links":{"self":[{"href":"https:\/\/www.silberdesign.eu\/index.php\/wp-json\/wp\/v2\/pages\/189"}],"collection":[{"href":"https:\/\/www.silberdesign.eu\/index.php\/wp-json\/wp\/v2\/pages"}],"about":[{"href":"https:\/\/www.silberdesign.eu\/index.php\/wp-json\/wp\/v2\/types\/page"}],"author":[{"embeddable":true,"href":"https:\/\/www.silberdesign.eu\/index.php\/wp-json\/wp\/v2\/users\/1"}],"replies":[{"embeddable":true,"href":"https:\/\/www.silberdesign.eu\/index.php\/wp-json\/wp\/v2\/comments?post=189"}],"version-history":[{"count":4,"href":"https:\/\/www.silberdesign.eu\/index.php\/wp-json\/wp\/v2\/pages\/189\/revisions"}],"predecessor-version":[{"id":258,"href":"https:\/\/www.silberdesign.eu\/index.php\/wp-json\/wp\/v2\/pages\/189\/revisions\/258"}],"wp:attachment":[{"href":"https:\/\/www.silberdesign.eu\/index.php\/wp-json\/wp\/v2\/media?parent=189"}],"curies":[{"name":"wp","href":"https:\/\/api.w.org\/{rel}","templated":true}]}}