{"id":199,"date":"2021-08-17T19:44:44","date_gmt":"2021-08-17T19:44:44","guid":{"rendered":"https:\/\/www.silberdesign.eu\/?page_id=199"},"modified":"2021-08-17T20:15:28","modified_gmt":"2021-08-17T20:15:28","slug":"przepisy-prawne","status":"publish","type":"page","link":"https:\/\/www.silberdesign.eu\/index.php\/przepisy-prawne\/","title":{"rendered":"Przepisy prawne"},"content":{"rendered":"\n<p><strong>Prawo budowlane stanowi:<\/strong><br>Dotyczy budowy <strong>wiaty magazynowej \/ samochodowej <\/strong>o powierzchni zabudowy do 50m2 .<br><\/p>\n\n\n\n<p>Czy zg\u0142oszenie na wiat\u0119 jest wymagane?<br>Odpowiedz brzmi, Nie je\u015bli:<br>-Powierzchnia zabudowy wiaty nie przekracza 50 metr\u00f3w kwadratowych*;<br>-Liczba wiat na ka\u017cde 1000 metr\u00f3w kwadratowych powierzchni nie przekracza dw\u00f3ch;<br>-Usytuowana jest na dzia\u0142ce z przeznaczeniem na budownictwo mieszkalne lub na terenie  zabudowanym budynkiem mieszkalnym;<br>-Nie ma \u017cadnej pe\u0142nej \u015bciany.<\/p>\n\n\n\n<p>Czy pozwolenie na wiat\u0119 jest wymagane?<br>Odpowiedz brzmi, Tak je\u015bli:<br>-Wiata mia\u0142a by by\u0107 postawiona na obszarze wpisanym do rejestru zabytk\u00f3w;<br>-Gdy inwestycja wymaga przeprowadzenia oceny oddzia\u0142ywania na \u015brodowisko.<br><\/p>\n\n\n\n<p>Mimo wszystko proponujemy Pa\u0144stwu odwiedzi\u0107 Starostwo Powiatowe w celu zebrania dok\u0142adniejszych informacji.<\/p>\n\n\n\n<p>* Powierzchni zabudowy to liczona powierzchnia pomi\u0119dzy s\u0142upami wiaty. Powierzchnia   dachu mo\u017ce by\u0107 wi\u0119ksza przyk\u0142adowo o powierzchni\u0119 okapu.<\/p>\n\n\n\n<p><\/p>\n\n\n\n<p><strong>Prawo budowlane stanowi:<\/strong><br>Dotyczy budowy <strong>ogrodu zimowego<\/strong> o powierzchni zabudowy do 35m2. <\/p>\n\n\n\n<p>Zgodnie z art. 29 ust.1 punkt 2 prawa budowlanego budowa ogrodu zimowego&nbsp;<strong>nie wymaga pozwolenia na budow\u0119.<\/strong>&nbsp;Wystarczy zg\u0142oszenie w\u0142a\u015bciwemu organowi, je\u015bli powierzchnia zabudowy ogrodu (oran\u017cerii) nie przekroczy 35 m\u00b2, a \u0142\u0105czna liczba parterowych budynk\u00f3w gospodarczych, wiat, altan, lub ogrod\u00f3w zimowych nie przekracza dw\u00f3ch na ka\u017cde 500 m\u00b2 powierzchni dzia\u0142ki. Dotyczy to r\u00f3wnie\u017c takich ogrod\u00f3w zimowych, kt\u00f3re zostan\u0105 wybudowane na istniej\u0105cym tarasie (wyrok Naczelnego S\u0105du Administracyjnego z 7 kwietnia 2011 r., sygn. akt II OSK 586\/10).<\/p>\n\n\n\n<p>W przypadku, gdy ogr\u00f3d zimowy b\u0119dzie integraln\u0105 cz\u0119\u015bci\u0105 budynku, nale\u017cy zachowa\u0107 minimaln\u0105 odleg\u0142o\u015b\u0107 od granicy dzia\u0142ki \u2013 4 m w przypadku \u015bciany z oknami i 3 m przy \u015bcianie bez okien.&nbsp;<strong>Je\u015bli powierzchnia planowanego ogrodu zimowego b\u0119dzie wi\u0119ksza ni\u017c 35 m\u00b2 to wymagane jest pozwolenie na budow\u0119.<\/strong><\/p>\n","protected":false},"excerpt":{"rendered":"<p>Prawo budowlane stanowi:Dotyczy budowy wiaty magazynowej \/ samochodowej o powierzchni zabudowy do 50m2 . Czy zg\u0142oszenie na wiat\u0119 jest wymagane?Odpowiedz brzmi, Nie je\u015bli:-Powierzchnia zabudowy wiaty nie przekracza 50 metr\u00f3w kwadratowych*;-Liczba wiat na ka\u017cde 1000 metr\u00f3w kwadratowych powierzchni nie przekracza dw\u00f3ch;-Usytuowana jest na dzia\u0142ce z przeznaczeniem na budownictwo mieszkalne lub na terenie zabudowanym budynkiem mieszkalnym;-Nie ma &hellip; <\/p>\n<p class=\"link-more\"><a href=\"https:\/\/www.silberdesign.eu\/index.php\/przepisy-prawne\/\" class=\"more-link\">Czytaj dalej<span class=\"screen-reader-text\"> Przepisy prawne<\/span><\/a><\/p>\n","protected":false},"author":1,"featured_media":0,"parent":0,"menu_order":0,"comment_status":"closed","ping_status":"closed","template":"","meta":[],"_links":{"self":[{"href":"https:\/\/www.silberdesign.eu\/index.php\/wp-json\/wp\/v2\/pages\/199"}],"collection":[{"href":"https:\/\/www.silberdesign.eu\/index.php\/wp-json\/wp\/v2\/pages"}],"about":[{"href":"https:\/\/www.silberdesign.eu\/index.php\/wp-json\/wp\/v2\/types\/page"}],"author":[{"embeddable":true,"href":"https:\/\/www.silberdesign.eu\/index.php\/wp-json\/wp\/v2\/users\/1"}],"replies":[{"embeddable":true,"href":"https:\/\/www.silberdesign.eu\/index.php\/wp-json\/wp\/v2\/comments?post=199"}],"version-history":[{"count":10,"href":"https:\/\/www.silberdesign.eu\/index.php\/wp-json\/wp\/v2\/pages\/199\/revisions"}],"predecessor-version":[{"id":233,"href":"https:\/\/www.silberdesign.eu\/index.php\/wp-json\/wp\/v2\/pages\/199\/revisions\/233"}],"wp:attachment":[{"href":"https:\/\/www.silberdesign.eu\/index.php\/wp-json\/wp\/v2\/media?parent=199"}],"curies":[{"name":"wp","href":"https:\/\/api.w.org\/{rel}","templated":true}]}}