{"id":2,"date":"2021-05-11T14:27:18","date_gmt":"2021-05-11T14:27:18","guid":{"rendered":"http:\/\/www.silberdesign.eu\/?page_id=2"},"modified":"2021-08-16T09:35:19","modified_gmt":"2021-08-16T09:35:19","slug":"sample-page","status":"publish","type":"page","link":"https:\/\/www.silberdesign.eu\/index.php\/sample-page\/","title":{"rendered":"Jak dzia\u0142amy"},"content":{"rendered":"\n<figure class=\"wp-block-image size-full\"><img loading=\"lazy\" width=\"247\" height=\"251\" src=\"https:\/\/www.silberdesign.eu\/wp-content\/uploads\/2021\/08\/rysunek-1-konsult.png\" alt=\"\" class=\"wp-image-165\"\/><\/figure>\n\n\n\n<h2>Konsultacja<\/h2>\n\n\n\n<p>Realizacj\u0119 us\u0142ugi zaczynamy od skonsultowania oczekiwa\u0144 klienta. Je\u015bli szukasz najlepszych rozwi\u0105za\u0144 dla Twoich potrzeb &#8211; nasi pracownicy pomog\u0105 Ci wybra\u0107 je spo\u015br\u00f3d wielu mo\u017cliwo\u015bci.<\/p>\n\n\n\n<p>Dane do naszych specjalist\u00f3w znajdziesz w zak\u0142adce &#8222;Kontakt&#8221;. Zadzwo\u0144 lub napisz e-mail. Je\u015bli chcesz pozna\u0107 przybli\u017cony koszt produkt\u00f3w, zadzwo\u0144 a natychmiast odpowiemy na wszystkie pytania. <\/p>\n\n\n\n<figure class=\"wp-block-image size-full\"><img loading=\"lazy\" width=\"247\" height=\"251\" src=\"https:\/\/www.silberdesign.eu\/wp-content\/uploads\/2021\/08\/rysunek-2-analiza.png\" alt=\"\" class=\"wp-image-166\"\/><\/figure>\n\n\n\n<h2>Analiza<\/h2>\n\n\n\n<p>Kolejnym etapem jest analiza miejsca realizacji. Uzyskanie niezb\u0119dnych pomiar\u00f3w, informacji oraz wst\u0119pne planowanie &#8211; to kluczowe czynniki p\u0142ynnie wykonanej realizacji.<\/p>\n\n\n\n<figure class=\"wp-block-image size-full\"><img loading=\"lazy\" width=\"247\" height=\"251\" src=\"https:\/\/www.silberdesign.eu\/wp-content\/uploads\/2021\/08\/rysunek-3-konstru.png\" alt=\"\" class=\"wp-image-167\"\/><\/figure>\n\n\n\n<h2>Projekt<\/h2>\n\n\n\n<p>Na podstawie zebranych informacji oraz uzgodnieniu warunk\u00f3w umowy, zajmiemy si\u0119 tworzeniem projektu, kt\u00f3re wykonamy w naszym zak\u0142adzie. Projekt zostanie wykonany przy pomocy oprogramowania CAD z mo\u017cliwo\u015bci\u0105 wizualizacji gotowego produktu. Termin zako\u0144czenia prac zostanie okre\u015blony w umowie.<\/p>\n\n\n\n<figure class=\"wp-block-image size-full\"><img loading=\"lazy\" width=\"247\" height=\"251\" src=\"https:\/\/www.silberdesign.eu\/wp-content\/uploads\/2021\/08\/rysunek-4-real.png\" alt=\"\" class=\"wp-image-168\"\/><\/figure>\n\n\n\n<h2>Realizacja<\/h2>\n\n\n\n<p>Realizacja Twojego zam\u00f3wienia\u00a0 rozpocznie si\u0119 natychmiast po wp\u0142acie zaliczki.\u00a0 Niemal wszystkie elementy przysz\u0142ych konstrukcji wykonane zostan\u0105 w technologii CNC, co pozwoli na zachowanie bardzo wysokiej jako\u015b\u0107 produktu ko\u0144cowego. <\/p>\n\n\n\n<p>Mo\u017cesz wybra\u0107 dow\u00f3z konstrukcji i zamontowa\u0107 j\u0105 samodzielnie lub skorzysta\u0107 z us\u0142ug naszych monta\u017cyst\u00f3w.<\/p>\n","protected":false},"excerpt":{"rendered":"<p>Konsultacja Realizacj\u0119 us\u0142ugi zaczynamy od skonsultowania oczekiwa\u0144 klienta. Je\u015bli szukasz najlepszych rozwi\u0105za\u0144 dla Twoich potrzeb &#8211; nasi pracownicy pomog\u0105 Ci wybra\u0107 je spo\u015br\u00f3d wielu mo\u017cliwo\u015bci. Dane do naszych specjalist\u00f3w znajdziesz w zak\u0142adce &#8222;Kontakt&#8221;. Zadzwo\u0144 lub napisz e-mail. Je\u015bli chcesz pozna\u0107 przybli\u017cony koszt produkt\u00f3w, zadzwo\u0144 a natychmiast odpowiemy na wszystkie pytania. Analiza Kolejnym etapem jest analiza &hellip; <\/p>\n<p class=\"link-more\"><a href=\"https:\/\/www.silberdesign.eu\/index.php\/sample-page\/\" class=\"more-link\">Czytaj dalej<span class=\"screen-reader-text\"> Jak dzia\u0142amy<\/span><\/a><\/p>\n","protected":false},"author":1,"featured_media":0,"parent":0,"menu_order":0,"comment_status":"closed","ping_status":"open","template":"","meta":[],"_links":{"self":[{"href":"https:\/\/www.silberdesign.eu\/index.php\/wp-json\/wp\/v2\/pages\/2"}],"collection":[{"href":"https:\/\/www.silberdesign.eu\/index.php\/wp-json\/wp\/v2\/pages"}],"about":[{"href":"https:\/\/www.silberdesign.eu\/index.php\/wp-json\/wp\/v2\/types\/page"}],"author":[{"embeddable":true,"href":"https:\/\/www.silberdesign.eu\/index.php\/wp-json\/wp\/v2\/users\/1"}],"replies":[{"embeddable":true,"href":"https:\/\/www.silberdesign.eu\/index.php\/wp-json\/wp\/v2\/comments?post=2"}],"version-history":[{"count":11,"href":"https:\/\/www.silberdesign.eu\/index.php\/wp-json\/wp\/v2\/pages\/2\/revisions"}],"predecessor-version":[{"id":178,"href":"https:\/\/www.silberdesign.eu\/index.php\/wp-json\/wp\/v2\/pages\/2\/revisions\/178"}],"wp:attachment":[{"href":"https:\/\/www.silberdesign.eu\/index.php\/wp-json\/wp\/v2\/media?parent=2"}],"curies":[{"name":"wp","href":"https:\/\/api.w.org\/{rel}","templated":true}]}}