{"id":218,"date":"2021-08-17T20:08:47","date_gmt":"2021-08-17T20:08:47","guid":{"rendered":"https:\/\/www.silberdesign.eu\/?page_id=218"},"modified":"2021-08-20T12:31:59","modified_gmt":"2021-08-20T12:31:59","slug":"wiaty-samochodowe","status":"publish","type":"page","link":"https:\/\/www.silberdesign.eu\/index.php\/wiaty-samochodowe\/","title":{"rendered":"Wiaty samochodowe"},"content":{"rendered":"\n<p style=\"line-height:0.3\"><\/p>\n\n\n\n<p class=\"has-medium-font-size\" style=\"line-height:0\"><strong>Eleganckie rozwi\u0105zanie dla wymagaj\u0105cych<\/strong><\/p>\n\n\n\n<p>Kszta\u0142t wiat Silber Design doskonale wsp\u00f3\u0142gra klasycznymi jak i nowoczesnymi formami architektonicznymi dzisiejszych dom\u00f3w jednorodzinnych, a ich wystr\u00f3j ko\u0144cowy mo\u017cna dowolnie konfigurowa\u0107, tak aby swym wygl\u0105dem upi\u0119ksza\u0142y posesj\u0119 chroni\u0105c tym samym pojazdy u\u017cytkowe przed niekorzystnymi warunkami atmosferycznymi. <\/p>\n\n\n\n<p>Deszcz, grad, mr\u00f3z czy ostre s\u0142o\u0144ce przestaj\u0105 by\u0107 problemem.<\/p>\n\n\n\n<p>Podstaw\u0105 topowych wiat Silber Design jest subtelna i jednocze\u015bnie wytrzyma\u0142a konstrukcja kolumnowa, kt\u00f3ra podtrzymuje dach o lekkim nachyleniu. Konstrukcja wykonana jest z wysokogatunkowej stali ocynkowanej ogniowo, dzi\u0119ki czemu na d\u0142ugo zachowuj\u0105 sw\u00f3j pierwotny wygl\u0105d oraz walory estetyczne. Konstrukcj\u0119 mo\u017cemy dodatkowo pomalowa\u0107 proszkowo na dowolny kolor z palety RAL, jak i uzupe\u0142ni\u0107 przestrze\u0144 mi\u0119dzy s\u0142upami w panele \u015bcienne.<\/p>\n\n\n\n<p>Oferujemy szerok\u0105 gam\u0119 wype\u0142nie\u0144 o modnym wygl\u0105dzie, od desek drewnianych i kompozytowych, poprzez siatk\u0119 stalow\u0105, po solidne panele metalowe i deski elewacyjne.<\/p>\n\n\n\n<p>Dzi\u0119ki wiat\u0105 Silber Design mo\u017cesz efektywnie korzysta\u0107 z dost\u0119pnej przestrzeni. Wiata opr\u00f3cz miejsc parkingowych mo\u017ce posiada\u0107 odgrodzon\u0105 przestrze\u0144 na narz\u0119dzia ogrodowe, rowery, motocykle czy te\u017c quady. Ciekaw\u0105 opcj\u0105 jest dodanie do wiaty gara\u017cowej bramy segmentowej, dzi\u0119ki czemu stanie si\u0119 ona nie tylko eleganckim, ale r\u00f3wnie\u017c bezpiecznym miejscem parkingowym dla Twojego samochodu.<\/p>\n\n\n\n<p>Asortyment wiat Silber Design daje naprawd\u0119 szeroki wachlarz praktycznych, wytrzyma\u0142ych i jednocze\u015bnie estetycznych rozwi\u0105za\u0144.<\/p>\n","protected":false},"excerpt":{"rendered":"<p>Eleganckie rozwi\u0105zanie dla wymagaj\u0105cych Kszta\u0142t wiat Silber Design doskonale wsp\u00f3\u0142gra klasycznymi jak i nowoczesnymi formami architektonicznymi dzisiejszych dom\u00f3w jednorodzinnych, a ich wystr\u00f3j ko\u0144cowy mo\u017cna dowolnie konfigurowa\u0107, tak aby swym wygl\u0105dem upi\u0119ksza\u0142y posesj\u0119 chroni\u0105c tym samym pojazdy u\u017cytkowe przed niekorzystnymi warunkami atmosferycznymi. Deszcz, grad, mr\u00f3z czy ostre s\u0142o\u0144ce przestaj\u0105 by\u0107 problemem. Podstaw\u0105 topowych wiat Silber Design &hellip; <\/p>\n<p class=\"link-more\"><a href=\"https:\/\/www.silberdesign.eu\/index.php\/wiaty-samochodowe\/\" class=\"more-link\">Czytaj dalej<span class=\"screen-reader-text\"> Wiaty samochodowe<\/span><\/a><\/p>\n","protected":false},"author":1,"featured_media":0,"parent":0,"menu_order":0,"comment_status":"closed","ping_status":"closed","template":"","meta":[],"_links":{"self":[{"href":"https:\/\/www.silberdesign.eu\/index.php\/wp-json\/wp\/v2\/pages\/218"}],"collection":[{"href":"https:\/\/www.silberdesign.eu\/index.php\/wp-json\/wp\/v2\/pages"}],"about":[{"href":"https:\/\/www.silberdesign.eu\/index.php\/wp-json\/wp\/v2\/types\/page"}],"author":[{"embeddable":true,"href":"https:\/\/www.silberdesign.eu\/index.php\/wp-json\/wp\/v2\/users\/1"}],"replies":[{"embeddable":true,"href":"https:\/\/www.silberdesign.eu\/index.php\/wp-json\/wp\/v2\/comments?post=218"}],"version-history":[{"count":13,"href":"https:\/\/www.silberdesign.eu\/index.php\/wp-json\/wp\/v2\/pages\/218\/revisions"}],"predecessor-version":[{"id":301,"href":"https:\/\/www.silberdesign.eu\/index.php\/wp-json\/wp\/v2\/pages\/218\/revisions\/301"}],"wp:attachment":[{"href":"https:\/\/www.silberdesign.eu\/index.php\/wp-json\/wp\/v2\/media?parent=218"}],"curies":[{"name":"wp","href":"https:\/\/api.w.org\/{rel}","templated":true}]}}