{"id":220,"date":"2021-08-17T20:09:08","date_gmt":"2021-08-17T20:09:08","guid":{"rendered":"https:\/\/www.silberdesign.eu\/?page_id=220"},"modified":"2021-08-22T23:39:54","modified_gmt":"2021-08-22T23:39:54","slug":"pergole","status":"publish","type":"page","link":"https:\/\/www.silberdesign.eu\/index.php\/pergole\/","title":{"rendered":"Pergole"},"content":{"rendered":"\n<p class=\"has-medium-font-size\"><strong>Azyl w cieniu os\u0142ony tarasowej&nbsp;<\/strong><\/p>\n\n\n\n<p>Oferowane przez nas rozwi\u0105zania perfekcyjnie \u0142\u0105cz\u0105 funkcjonalno\u015b\u0107 z minimalistyczn\u0105 elegancj\u0105. Stworz\u0105 w przestrzeni Twojego tarasu przytuln\u0105 stref\u0119 wypoczynku, azylu dla domownik\u00f3w gdzie w cieniu rozmie\u015bcisz wygodny komplet wypoczynkowy a nast\u0119pnie mi\u0142o sp\u0119dzisz czas w otoczeniu rodziny i przyjaci\u00f3\u0142.<br>Pergole Silber Design zapewni\u0105 nie tylko komfort termiczny, os\u0142oni\u0105 r\u00f3wnie\u017c przed deszczem a dzi\u0119ki os\u0142onom bocznym, przed wiatrem oraz niechcianymi spojrzeniami.<\/p>\n\n\n\n<p>Poza komfortem termicznym, nasze pergole stan\u0105 si\u0119  jednocze\u015bnie dekoracyjnym elementem tarasu czy ogrodu, a dzi\u0119ki mo\u017cliwo\u015bci wyposa\u017cenia zadaszenia w efektowny i funkcjonalny system \u015bcian przesuwnych SLIDE, pergola mo\u017ce by\u0107 r\u00f3wnie\u017c dodatkowym pomieszczeniem przy\u015bciennym dobudowanym przy domu, staj\u0105c si\u0119 w ten spos\u00f3b np. funkcjonaln\u0105 cz\u0119\u015bci\u0105 salonu na \u015bwie\u017cym powietrzu.<\/p>\n\n\n\n<p>Pergole Silber Design wyr\u00f3\u017cniaj\u0105 si\u0119 wysokimi walorami estetycznymi, a jednocze\u015bnie nie wymagaj\u0105 skomplikowanych zabieg\u00f3w konserwacyjnych. Tak jak w przypadku pozosta\u0142ych naszych konstrukcji, tak i pergole projektujemy pod strefy obci\u0105\u017cenia \u015bniegiem i wiatrem, tym samym s\u0105 one solidne i wytrzymaj\u0105 d\u0142ugie lata u\u017cytkowania.<\/p>\n\n\n\n<p>Wychodz\u0105c naprzeciw oczekiwaniom naszych klient\u00f3w, oferujemy mo\u017cliwo\u015b\u0107 zam\u00f3wienia pergoli w dowolnym wybranym  kolorze z palety RAL. Dzi\u0119ki czemu, mo\u017cliwe jest wkomponowanie pergoli tarasowej w kolorystyk\u0119 dominuj\u0105c\u0105 na terenie Pa\u0144stwa posesji.<\/p>\n","protected":false},"excerpt":{"rendered":"<p>Azyl w cieniu os\u0142ony tarasowej&nbsp; Oferowane przez nas rozwi\u0105zania perfekcyjnie \u0142\u0105cz\u0105 funkcjonalno\u015b\u0107 z minimalistyczn\u0105 elegancj\u0105. Stworz\u0105 w przestrzeni Twojego tarasu przytuln\u0105 stref\u0119 wypoczynku, azylu dla domownik\u00f3w gdzie w cieniu rozmie\u015bcisz wygodny komplet wypoczynkowy a nast\u0119pnie mi\u0142o sp\u0119dzisz czas w otoczeniu rodziny i przyjaci\u00f3\u0142.Pergole Silber Design zapewni\u0105 nie tylko komfort termiczny, os\u0142oni\u0105 r\u00f3wnie\u017c przed deszczem a &hellip; <\/p>\n<p class=\"link-more\"><a href=\"https:\/\/www.silberdesign.eu\/index.php\/pergole\/\" class=\"more-link\">Czytaj dalej<span class=\"screen-reader-text\"> Pergole<\/span><\/a><\/p>\n","protected":false},"author":1,"featured_media":0,"parent":0,"menu_order":0,"comment_status":"closed","ping_status":"closed","template":"","meta":[],"_links":{"self":[{"href":"https:\/\/www.silberdesign.eu\/index.php\/wp-json\/wp\/v2\/pages\/220"}],"collection":[{"href":"https:\/\/www.silberdesign.eu\/index.php\/wp-json\/wp\/v2\/pages"}],"about":[{"href":"https:\/\/www.silberdesign.eu\/index.php\/wp-json\/wp\/v2\/types\/page"}],"author":[{"embeddable":true,"href":"https:\/\/www.silberdesign.eu\/index.php\/wp-json\/wp\/v2\/users\/1"}],"replies":[{"embeddable":true,"href":"https:\/\/www.silberdesign.eu\/index.php\/wp-json\/wp\/v2\/comments?post=220"}],"version-history":[{"count":13,"href":"https:\/\/www.silberdesign.eu\/index.php\/wp-json\/wp\/v2\/pages\/220\/revisions"}],"predecessor-version":[{"id":316,"href":"https:\/\/www.silberdesign.eu\/index.php\/wp-json\/wp\/v2\/pages\/220\/revisions\/316"}],"wp:attachment":[{"href":"https:\/\/www.silberdesign.eu\/index.php\/wp-json\/wp\/v2\/media?parent=220"}],"curies":[{"name":"wp","href":"https:\/\/api.w.org\/{rel}","templated":true}]}}