{"id":222,"date":"2021-08-17T20:09:25","date_gmt":"2021-08-17T20:09:25","guid":{"rendered":"https:\/\/www.silberdesign.eu\/?page_id=222"},"modified":"2021-08-19T14:09:25","modified_gmt":"2021-08-19T14:09:25","slug":"ogrody-zimowe","status":"publish","type":"page","link":"https:\/\/www.silberdesign.eu\/index.php\/ogrody-zimowe\/","title":{"rendered":"Ogrody zimowe"},"content":{"rendered":"\n<p><\/p>\n\n\n\n<p class=\"has-medium-font-size\" style=\"line-height:0\"><strong>Nowoczesny spos\u00f3b po\u0142\u0105czenia architektury z natur\u0105<\/strong><\/p>\n\n\n\n<p>Ogr\u00f3d zimowy to wn\u0119trze szczeg\u00f3lne. Mo\u017cliwo\u015b\u0107 obcowania z zieleni\u0105 przez ca\u0142y rok to okazja do poprawy naszego samopoczucia, pozbycia si\u0119 stresu i dotlenienia organizmu.<br>Ziele\u0144 zapewnia przyjemne otoczenie, sprzyja relaksowi i wyciszeniu oraz korzystnie wp\u0142ywa na jako\u015b\u0107 powietrza kt\u00f3rym oddychamy.<\/p>\n\n\n\n<p>Ogr\u00f3d zimowy mo\u017ce by\u0107 przeszklonym salonem, domowym ogrodem lub s\u0142oneczn\u0105 jadalni\u0105, powi\u0119kszy tak\u017ce u\u017cytkow\u0105 powierzchni\u0119 domu.<\/p>\n\n\n\n<p>Du\u017ce przeszklenia poszerzaj\u0105 wn\u0119trza i intryguj\u0105 kszta\u0142tem, zapewniaj\u0105c tym samym maksymalne do\u015bwietlenie przestrzeni natomiast szczelna zabudowa gwarantuje komfort wypoczynku niezale\u017cnie od pory roku czy pogody.<\/p>\n\n\n\n<p>Je\u015bli my\u015bl\u0105 Pa\u0144stwo o eleganckiej i solidnej zabudowie tarasu s\u0142u\u017c\u0105cej przez d\u0142ugie lata Silber Design jest w stanie spe\u0142ni\u0107 najbardziej wyszukane \u017cyczenia Klient\u00f3w.<br>Ogr\u00f3d zimowy wykonany wed\u0142ug Pa\u0144stwa potrzeb stanie si\u0119 prawdziw\u0105 wizyt\u00f3wk\u0105 budynku przez ca\u0142y rok.<\/p>\n\n\n\n<p>Stw\u00f3rz idealne miejsce do ca\u0142orocznego relaksu, rekreacji lub pracy z firm\u0105 Silber Design.<\/p>\n","protected":false},"excerpt":{"rendered":"<p>Nowoczesny spos\u00f3b po\u0142\u0105czenia architektury z natur\u0105 Ogr\u00f3d zimowy to wn\u0119trze szczeg\u00f3lne. Mo\u017cliwo\u015b\u0107 obcowania z zieleni\u0105 przez ca\u0142y rok to okazja do poprawy naszego samopoczucia, pozbycia si\u0119 stresu i dotlenienia organizmu.Ziele\u0144 zapewnia przyjemne otoczenie, sprzyja relaksowi i wyciszeniu oraz korzystnie wp\u0142ywa na jako\u015b\u0107 powietrza kt\u00f3rym oddychamy. Ogr\u00f3d zimowy mo\u017ce by\u0107 przeszklonym salonem, domowym ogrodem lub s\u0142oneczn\u0105 &hellip; <\/p>\n<p class=\"link-more\"><a href=\"https:\/\/www.silberdesign.eu\/index.php\/ogrody-zimowe\/\" class=\"more-link\">Czytaj dalej<span class=\"screen-reader-text\"> Ogrody zimowe<\/span><\/a><\/p>\n","protected":false},"author":1,"featured_media":0,"parent":0,"menu_order":0,"comment_status":"closed","ping_status":"closed","template":"","meta":[],"_links":{"self":[{"href":"https:\/\/www.silberdesign.eu\/index.php\/wp-json\/wp\/v2\/pages\/222"}],"collection":[{"href":"https:\/\/www.silberdesign.eu\/index.php\/wp-json\/wp\/v2\/pages"}],"about":[{"href":"https:\/\/www.silberdesign.eu\/index.php\/wp-json\/wp\/v2\/types\/page"}],"author":[{"embeddable":true,"href":"https:\/\/www.silberdesign.eu\/index.php\/wp-json\/wp\/v2\/users\/1"}],"replies":[{"embeddable":true,"href":"https:\/\/www.silberdesign.eu\/index.php\/wp-json\/wp\/v2\/comments?post=222"}],"version-history":[{"count":8,"href":"https:\/\/www.silberdesign.eu\/index.php\/wp-json\/wp\/v2\/pages\/222\/revisions"}],"predecessor-version":[{"id":277,"href":"https:\/\/www.silberdesign.eu\/index.php\/wp-json\/wp\/v2\/pages\/222\/revisions\/277"}],"wp:attachment":[{"href":"https:\/\/www.silberdesign.eu\/index.php\/wp-json\/wp\/v2\/media?parent=222"}],"curies":[{"name":"wp","href":"https:\/\/api.w.org\/{rel}","templated":true}]}}