{"id":3,"date":"2021-05-11T14:27:18","date_gmt":"2021-05-11T14:27:18","guid":{"rendered":"http:\/\/www.silberdesign.eu\/?page_id=3"},"modified":"2021-07-12T14:43:19","modified_gmt":"2021-07-12T14:43:19","slug":"polityka-prywatnosci","status":"publish","type":"page","link":"https:\/\/www.silberdesign.eu\/index.php\/polityka-prywatnosci\/","title":{"rendered":"Polityka prywatno\u015bci"},"content":{"rendered":"\n<p><strong>\u00a7 1<\/strong><\/p>\n\n\n\n<p><strong>Postanowienia Og\u00f3lne<\/strong><\/p>\n\n\n\n<ol><li>Niniejsza Polityka Prywatno\u015bci obowi\u0105zuje od dnia 26 kwietnia 2018 roku.<\/li><li>Administratorem danych jest firma Silber Design z siedzib\u0105 w Boles\u0142awiu zarejestrowana w Centralnej Ewidencji i Informacji o Dzia\u0142alno\u015bci Gospodarczej pod NIP: , REGON: . Ochrona danych odbywa si\u0119 zgodnie z wymogami powszechnie obowi\u0105zuj\u0105cych przepis\u00f3w prawa, a ich przechowywanie ma miejsce na zabezpieczonych serwerach.<\/li><li>Termin \u201eRODO\u201d oznacza Rozporz\u0105dzenie Parlamentu Europejskiego i Rady (UE) 2016\/679 z dnia 27 kwietnia 2016 r. w sprawie ochrony os\u00f3b fizycznych w zwi\u0105zku z przetwarzaniem danych osobowych i w sprawie swobodnego przep\u0142ywu takich danych oraz uchylenia dyrektywy 95\/46\/WE.<\/li><li>Szanujemy prawo do prywatno\u015bci i dbamy o bezpiecze\u0144stwo danych. W tym celu u\u017cywany jest m.in. bezpieczny protok\u00f3\u0142 szyfrowania komunikacji na ka\u017cdym etapie korzystania z naszej strony internetowej (SSL).<\/li><\/ol>\n\n\n\n<p><strong>\u00a7 2<\/strong><\/p>\n\n\n\n<p><strong>Us\u0142ugodawca jako Administrator Danych<\/strong><\/p>\n\n\n\n<ol><li>Us\u0142ugodawca jest administratorem danych swoich Klient\u00f3w.<\/li><li>Wskutek akceptacji naszej polityki prywatno\u015bci w postaci dobrowolnego nawi\u0105zania kontaktu z nasza firm\u0105 poprzez u\u017cycie formularza kontaktowego, kontakt telefoniczny lub mailowy jako administrator danych osobowych mamy prawo ich przetwarzania na podstawie art. 6 ust. 1 lit. b RODO.<\/li><li>Pa\u0144stwa dane osobowe przetwarzane s\u0105 w celu:<ul><li>realizacji ci\u0105\u017c\u0105cych na Administratorze obowi\u0105zk\u00f3w wynikaj\u0105cych z dzia\u0142a\u0144 podj\u0119tych na \u017c\u0105danie osoby, kt\u00f3rej dane dotycz\u0105, takich jak:<ol><li>przygotowanie dokumentacji technicznej i oferty handlowej,<\/li><li>udzielanie odpowiedzi na zg\u0142oszenia serwisowe lub reklamacje w terminie i formie przewidzianej przepisami prawa.<\/li><\/ol><\/li><li>realizacji prawnie uzasadnionych interes\u00f3w Administratora poprzez nast\u0119puj\u0105ce dzia\u0142ania:<ol><li>marketing produkt\u00f3w i us\u0142ug w\u0142asnych,<\/li><li>dzia\u0142ania analityczne (dob\u00f3r oferty do wymaga\u0144 Klienta, optymalizacja naszych produkt\u00f3w w oparciu o uwagi Klienta, optymalizacja proces\u00f3w obs\u0142ugi itp.),<\/li><li>w celach archiwalnych, b\u0119d\u0105cych realizacj\u0105 naszego prawnie uzasadnionego interesu zabezpieczenia informacji na wypadek potrzeby wykazania prawid\u0142owego dzia\u0142ania np. przy procedurze reklamacyjnej,<\/li><li>ewentualne ustalenie, dochodzenie lub obrona przed roszczeniami,<\/li><li>badania satysfakcji Klient\u00f3w i poprawa jako\u015bci oraz zadowolenia Klient\u00f3w ze \u015bwiadczonych przez nas us\u0142ug i sprzeda\u017cy produkt\u00f3w.<\/li><\/ol><\/li><\/ul><\/li><li>W innych przypadkach Pa\u0144stwa dane b\u0119d\u0105 przetwarzane wy\u0142\u0105cznie na podstawie wcze\u015bniej udzielonej zgody.<\/li><li>Podanie danych ma charakter dobrowolny, ale jest konieczne do zawarcia wsp\u00f3\u0142pracy.<\/li><li>Na potrzeby umowy nie wymagamy podania wra\u017cliwych danych tj. PESEL czy numer dowodu osobistego.<\/li><\/ol>\n\n\n\n<p><strong>\u00a7 3<\/strong><\/p>\n\n\n\n<p><strong>Prawa wynikaj\u0105ce z rozporz\u0105dzenia RODO<\/strong><\/p>\n\n\n\n<ol><li>Zgodnie z RODO, osobom, kt\u00f3rych dane osobowe s\u0105 przetwarzane przys\u0142uguje:<ul><li>prawo dost\u0119pu do swoich danych oraz otrzymania ich kopii,<\/li><li>prawo do korekty swoich danych,<\/li><li>prawo do usuni\u0119cia danych lub ograniczenia przetwarzania danych,<\/li><li>prawo do przenoszenia danych,<\/li><li>prawo do wniesienia skargi do organu nadzorczego (Prezes Urz\u0119du Ochrony Danych Osobowych),<\/li><li>prawo do wniesienia sprzeciwu wobec przetwarzania danych.<\/li><\/ul><\/li><li>Niezale\u017cnie od innych przys\u0142uguj\u0105cych Pa\u0144stwu praw (w tym prawa do wycofania zgody), macie Pa\u0144stwo prawo w dowolnym momencie wnie\u015b\u0107 sprzeciw wobec przetwarzania danych w celu prowadzenia marketingu bezpo\u015bredniego. W przypadku wniesienia sprzeciwu, Pa\u0144stwa dane przestan\u0105 by\u0107 przez Nas przetwarzane w celach marketingowych w trybie natychmiastowym.<\/li><\/ol>\n\n\n\n<p><strong>\u00a7 4<\/strong><\/p>\n\n\n\n<p><strong>Okres przechowywania danych<\/strong><\/p>\n\n\n\n<ol><li>Dane przetwarzane w zwi\u0105zku z realizacj\u0105 zwartej umowy b\u0119d\u0105 przechowywane przez sum\u0119 okres\u00f3w:<ul><li>okres, w kt\u00f3rym mog\u0105 ujawni\u0107 si\u0119 roszczenia zwi\u0105zane z zawart\u0105 umow\u0105,<\/li><li>okres przedawnienia ewentualnych roszcze\u0144 zwi\u0105zanych z zawart\u0105 umow\u0105,<\/li><li>+1 rok na wypadek roszcze\u0144 zg\u0142oszonych kr\u00f3tko przed terminem ich wyga\u015bni\u0119cia.<\/li><\/ul><\/li><li>Dane przetwarzane dla potrzeb marketingu bezpo\u015bredniego naszych produkt\u00f3w i us\u0142ug przechowujemy i przetwarzamy do czasu zg\u0142oszenia sprzeciwu wzgl\u0119dem ich przetwarzania lub ustalenia przez Administratora faktu ich dezaktualizacji.<\/li><\/ol>\n\n\n\n<p><strong>\u00a7 5<\/strong><\/p>\n\n\n\n<p><strong>Odbiorcy danych<\/strong><\/p>\n\n\n\n<ol><li>Otrzymane od Pa\u0144stwa dane osobowe mog\u0105 zosta\u0107 powierzone naszym podwykonawcom (podmioty \u015bwiadcz\u0105ce us\u0142ugi ksi\u0119gowe, rachunkowe, transportowe, monta\u017cowe, informatyczne, prawne, konsultacyjne, itd.), w zakresie niezb\u0119dnym dla realizacji obowi\u0105zk\u00f3w wynikaj\u0105cych z zawarcia umowy.<\/li><li>Nie przekazujemy ani nie planujemy przekazywania Pa\u0144stwa danych poza obszar Europejskiego Obszaru Gospodarczego.<\/li><\/ol>\n\n\n\n<p><strong>\u00a7 6<\/strong><\/p>\n\n\n\n<p>Dzia\u0142aj\u0105c w zgodzie z art. 13 ust. 1 i ust. 2 rozporz\u0105dzenia Parlamentu Europejskiego i Rady (UE) 2016\/679 z 27 kwietnia 2016 r. w skr\u00f3cie RODO informujemy, \u017ce nasza strona korzysta z plik\u00f3w cookie, aby\u015bmy mogli zapewni\u0107 Ci najlepsz\u0105 mo\u017cliw\u0105 obs\u0142ug\u0119. Informacje o plikach cookie s\u0105 przechowywane w przegl\u0105darce u\u017cytkownika i s\u0142u\u017c\u0105 do wykonywania funkcji, takich jak rozpoznawanie u\u017cytkownika po powrocie do naszej witryny i pomaganie naszemu zespo\u0142owi w zrozumieniu, kt\u00f3re sekcje witryny s\u0105 dla niego najbardziej interesuj\u0105ce i u\u017cyteczne.<br>W ka\u017cdej chwili w swojej przegl\u0105darce mo\u017cesz wy\u0142\u0105czy\u0107 zapisywanie plik\u00f3w cookie odpowiednio dla swojej przegl\u0105darki<br><a href=\"https:\/\/support.google.com\/accounts\/answer\/61416?co=GENIE.Platform%3DDesktop&amp;hl=pl\">https:\/\/support.google.com\/accounts\/answer\/61416?co=GENIE.Platform%3DDesktop&amp;hl=pl<\/a><\/p>\n\n\n\n<p><strong>Polityka Cookies<\/strong><br>Pliki cookies (tzw. \u201eciasteczka\u201d) stanowi\u0105 dane informatyczne, w szczeg\u00f3lno\u015bci pliki tekstowe, kt\u00f3re przechowywane s\u0105 w urz\u0105dzeniu ko\u0144cowym U\u017cytkownika Serwisu i przeznaczone s\u0105 do korzystania ze stron internetowych Serwisu. Cookies zazwyczaj zawieraj\u0105 nazw\u0119 strony internetowej, z kt\u00f3rej pochodz\u0105, czas przechowywania ich na urz\u0105dzeniu ko\u0144cowym oraz unikalny numer.<br>Podmiotem zamieszczaj\u0105cym na urz\u0105dzeniu ko\u0144cowym U\u017cytkownika Serwisu pliki cookies oraz uzyskuj\u0105cym do nich dost\u0119p jest https:\/\/www.silberdesign.eu<br>Pliki cookies wykorzystywane s\u0105 w celu gromadzenia informacji zwi\u0105zanych z korzystaniem z Serwisu przez U\u017cytkownika.<\/p>\n\n\n\n<p><br><strong>Pliki cookies umo\u017cliwiaj\u0105 w szczeg\u00f3lno\u015bci:<\/strong><br>a) utrzymanie sesji U\u017cytkownika Serwisu (po zalogowaniu), dzi\u0119ki kt\u00f3rej U\u017cytkownik nie musi na ka\u017cdej podstronie Serwisu ponownie wpisywa\u0107 loginu i has\u0142a;<br>b) dostosowania zawarto\u015bci stron internetowych Serwisu do preferencji U\u017cytkownika oraz optymalizacji korzystania ze stron internetowych; w szczeg\u00f3lno\u015bci pliki te pozwalaj\u0105 rozpozna\u0107 urz\u0105dzenie U\u017cytkownika Serwisu i odpowiednio wy\u015bwietli\u0107 stron\u0119 internetow\u0105, dostosowan\u0105 do jego indywidualnych potrzeb;<br>c) tworzenia statystyk, kt\u00f3re pomagaj\u0105 zrozumie\u0107, w jaki spos\u00f3b U\u017cytkownicy Serwisu korzystaj\u0105 ze stron internetowych, co umo\u017cliwia ulepszanie ich struktury i zawarto\u015bci.<br>W wielu przypadkach oprogramowanie s\u0142u\u017c\u0105ce do przegl\u0105dania stron internetowych (przegl\u0105darka internetowa) domy\u015blnie dopuszcza przechowywanie plik\u00f3w cookies w urz\u0105dzeniu ko\u0144cowym U\u017cytkownika. U\u017cytkownicy Serwisu mog\u0105 dokona\u0107 w ka\u017cdym czasie zmiany ustawie\u0144 dotycz\u0105cych plik\u00f3w cookies. Ustawienia te mog\u0105 zosta\u0107 zmienione w szczeg\u00f3lno\u015bci w taki spos\u00f3b, aby blokowa\u0107 automatyczn\u0105 obs\u0142ug\u0119 plik\u00f3w cookies w ustawieniach przegl\u0105darki internetowej b\u0105d\u017a informowa\u0107 o ich ka\u017cdorazowym zamieszczeniu w urz\u0105dzeniu U\u017cytkownika Serwisu.<br>Szczeg\u00f3\u0142owe informacje o mo\u017cliwo\u015bci i sposobach obs\u0142ugi plik\u00f3w cookies dost\u0119pne s\u0105 w ustawieniach oprogramowania (przegl\u0105darki internetowej).<br>Operator Serwisu informuje, \u017ce ograniczenia stosowania plik\u00f3w cookies mog\u0105 wp\u0142yn\u0105\u0107 na niekt\u00f3re funkcjonalno\u015bci dost\u0119pne na stronach internetowych Serwisu.<br>Wi\u0119cej informacji na temat plik\u00f3w cookies dost\u0119pnych w sekcji \u201ePomoc\u201d w menu przegl\u0105darki internetowej.<\/p>\n","protected":false},"excerpt":{"rendered":"<p>\u00a7 1 Postanowienia Og\u00f3lne Niniejsza Polityka Prywatno\u015bci obowi\u0105zuje od dnia 26 kwietnia 2018 roku. Administratorem danych jest firma Silber Design z siedzib\u0105 w Boles\u0142awiu zarejestrowana w Centralnej Ewidencji i Informacji o Dzia\u0142alno\u015bci Gospodarczej pod NIP: , REGON: . Ochrona danych odbywa si\u0119 zgodnie z wymogami powszechnie obowi\u0105zuj\u0105cych przepis\u00f3w prawa, a ich przechowywanie ma miejsce na &hellip; <\/p>\n<p class=\"link-more\"><a href=\"https:\/\/www.silberdesign.eu\/index.php\/polityka-prywatnosci\/\" class=\"more-link\">Czytaj dalej<span class=\"screen-reader-text\"> Polityka prywatno\u015bci<\/span><\/a><\/p>\n","protected":false},"author":1,"featured_media":0,"parent":0,"menu_order":0,"comment_status":"closed","ping_status":"closed","template":"","meta":[],"_links":{"self":[{"href":"https:\/\/www.silberdesign.eu\/index.php\/wp-json\/wp\/v2\/pages\/3"}],"collection":[{"href":"https:\/\/www.silberdesign.eu\/index.php\/wp-json\/wp\/v2\/pages"}],"about":[{"href":"https:\/\/www.silberdesign.eu\/index.php\/wp-json\/wp\/v2\/types\/page"}],"author":[{"embeddable":true,"href":"https:\/\/www.silberdesign.eu\/index.php\/wp-json\/wp\/v2\/users\/1"}],"replies":[{"embeddable":true,"href":"https:\/\/www.silberdesign.eu\/index.php\/wp-json\/wp\/v2\/comments?post=3"}],"version-history":[{"count":3,"href":"https:\/\/www.silberdesign.eu\/index.php\/wp-json\/wp\/v2\/pages\/3\/revisions"}],"predecessor-version":[{"id":126,"href":"https:\/\/www.silberdesign.eu\/index.php\/wp-json\/wp\/v2\/pages\/3\/revisions\/126"}],"wp:attachment":[{"href":"https:\/\/www.silberdesign.eu\/index.php\/wp-json\/wp\/v2\/media?parent=3"}],"curies":[{"name":"wp","href":"https:\/\/api.w.org\/{rel}","templated":true}]}}