{"id":8,"date":"2021-05-12T12:55:03","date_gmt":"2021-05-12T12:55:03","guid":{"rendered":"http:\/\/www.silberdesign.eu\/?page_id=8"},"modified":"2021-08-16T08:19:39","modified_gmt":"2021-08-16T08:19:39","slug":"strona-glowna","status":"publish","type":"page","link":"https:\/\/www.silberdesign.eu\/","title":{"rendered":"Silber Design"},"content":{"rendered":"\n<p class=\"has-text-align-left\">Silber\u00a0Design jest producentem najwy\u017cszej klasy przydomowych konstrukcji stalowych, kt\u00f3re skutecznie chroni\u0105 m.in. pojazdy, jak i stanowi\u0105 stylow\u0105 ozdob\u0119 posesji nawet przez kilkadziesi\u0105t lat od wdro\u017cenia. Dzi\u0119ki bezkompromisowej jako\u015bci, personalizowanym rozwi\u0105zaniom, nasze konstrukcje zosta\u0142y docenione przez klient\u00f3w,\u00a0z czego jeste\u015bmy niezmiernie dumni.<\/p>\n","protected":false},"excerpt":{"rendered":"<p>Silber\u00a0Design jest producentem najwy\u017cszej klasy przydomowych konstrukcji stalowych, kt\u00f3re skutecznie chroni\u0105 m.in. pojazdy, jak i stanowi\u0105 stylow\u0105 ozdob\u0119 posesji nawet przez kilkadziesi\u0105t lat od wdro\u017cenia. Dzi\u0119ki bezkompromisowej jako\u015bci, personalizowanym rozwi\u0105zaniom, nasze konstrukcje zosta\u0142y docenione przez klient\u00f3w,\u00a0z czego jeste\u015bmy niezmiernie dumni.<\/p>\n","protected":false},"author":1,"featured_media":0,"parent":0,"menu_order":0,"comment_status":"closed","ping_status":"closed","template":"","meta":[],"_links":{"self":[{"href":"https:\/\/www.silberdesign.eu\/index.php\/wp-json\/wp\/v2\/pages\/8"}],"collection":[{"href":"https:\/\/www.silberdesign.eu\/index.php\/wp-json\/wp\/v2\/pages"}],"about":[{"href":"https:\/\/www.silberdesign.eu\/index.php\/wp-json\/wp\/v2\/types\/page"}],"author":[{"embeddable":true,"href":"https:\/\/www.silberdesign.eu\/index.php\/wp-json\/wp\/v2\/users\/1"}],"replies":[{"embeddable":true,"href":"https:\/\/www.silberdesign.eu\/index.php\/wp-json\/wp\/v2\/comments?post=8"}],"version-history":[{"count":11,"href":"https:\/\/www.silberdesign.eu\/index.php\/wp-json\/wp\/v2\/pages\/8\/revisions"}],"predecessor-version":[{"id":170,"href":"https:\/\/www.silberdesign.eu\/index.php\/wp-json\/wp\/v2\/pages\/8\/revisions\/170"}],"wp:attachment":[{"href":"https:\/\/www.silberdesign.eu\/index.php\/wp-json\/wp\/v2\/media?parent=8"}],"curies":[{"name":"wp","href":"https:\/\/api.w.org\/{rel}","templated":true}]}}